{"id":22,"date":"2023-10-12T20:21:18","date_gmt":"2023-10-12T18:21:18","guid":{"rendered":"https:\/\/depilacja-wroc.pl\/?page_id=22"},"modified":"2023-10-12T20:30:45","modified_gmt":"2023-10-12T18:30:45","slug":"strona-glowna","status":"publish","type":"page","link":"https:\/\/depilacja-wroc.pl\/","title":{"rendered":"Strona g\u0142\u00f3wna"},"content":{"rendered":"<p>[et_pb_section fb_built=&#8221;1&#8243; admin_label=&#8221;Blog&#8221; _builder_version=&#8221;4.18.0&#8243; _module_preset=&#8221;default&#8221; background_image=&#8221;https:\/\/depilacja-wroc.pl\/wp-content\/uploads\/2023\/10\/seafood-restaurant-8.png&#8221; background_size=&#8221;custom&#8221; collapsed=&#8221;on&#8221; global_colors_info=&#8221;{}&#8221; theme_builder_area=&#8221;post_content&#8221;][et_pb_row _builder_version=&#8221;4.18.0&#8243; _module_preset=&#8221;default&#8221; global_colors_info=&#8221;{}&#8221; theme_builder_area=&#8221;post_content&#8221;][et_pb_column type=&#8221;4_4&#8243; _builder_version=&#8221;4.18.0&#8243; _module_preset=&#8221;default&#8221; global_colors_info=&#8221;{}&#8221; theme_builder_area=&#8221;post_content&#8221;][et_pb_text _builder_version=&#8221;4.18.0&#8243; _module_preset=&#8221;e6504a1b-67eb-4b3d-b023-bcab277610b6&#8243; header_4_font=&#8221;Baskervville|700||on|||||&#8221; header_4_text_color=&#8221;#23CDE7&#8243; header_4_font_size=&#8221;14px&#8221; header_4_letter_spacing=&#8221;0.1em&#8221; header_4_line_height=&#8221;1.5em&#8221; text_orientation=&#8221;center&#8221; custom_margin=&#8221;||0px||false|false&#8221; global_colors_info=&#8221;{}&#8221; theme_builder_area=&#8221;post_content&#8221;]<\/p>\n<h4>Blog<\/h4>\n<p>[\/et_pb_text][et_pb_text _builder_version=&#8221;4.18.0&#8243; _module_preset=&#8221;c16985e1-e0d6-4022-964d-e2bfc04fa633&#8243; header_font=&#8221;Baskervville|700|||||||&#8221; header_text_color=&#8221;#005CC8&#8243; header_font_size=&#8221;72px&#8221; header_line_height=&#8221;1.2em&#8221; text_orientation=&#8221;center&#8221; header_font_size_tablet=&#8221;40px&#8221; header_font_size_phone=&#8221;24px&#8221; header_font_size_last_edited=&#8221;on|desktop&#8221; global_colors_info=&#8221;{}&#8221; theme_builder_area=&#8221;post_content&#8221;]<\/p>\n<h1>Tw\u00f3j portal o depilacji!<\/h1>\n<p>[\/et_pb_text][et_pb_blog fullwidth=&#8221;off&#8221; posts_number=&#8221;6&#8243; show_more=&#8221;on&#8221; show_author=&#8221;off&#8221; masonry_tile_background_color=&#8221;#FFFFFF&#8221; _builder_version=&#8221;4.22.2&#8243; _module_preset=&#8221;d8bbc99f-9d38-4c64-a1a4-d60a07a08e97&#8243; header_font=&#8221;Baskervville|700|||||||&#8221; header_text_color=&#8221;#000000&#8243; header_font_size=&#8221;20px&#8221; header_line_height=&#8221;1.5em&#8221; body_font=&#8221;Hind||||||||&#8221; body_text_color=&#8221;#000000&#8243; body_line_height=&#8221;1.6em&#8221; meta_font=&#8221;Hind||||||||&#8221; meta_text_color=&#8221;#005CC8&#8243; meta_font_size=&#8221;16px&#8221; meta_line_height=&#8221;1.4em&#8221; read_more_font=&#8221;Hind|700||on|||||&#8221; read_more_text_color=&#8221;#23CDE7&#8243; pagination_font=&#8221;Hind|700||on|||||&#8221; pagination_text_color=&#8221;#23CDE7&#8243; hover_enabled=&#8221;0&#8243; header_font_size_tablet=&#8221;16px&#8221; header_font_size_phone=&#8221;14px&#8221; header_font_size_last_edited=&#8221;on|tablet&#8221; body_font_size_tablet=&#8221;15px&#8221; body_font_size_phone=&#8221;14px&#8221; body_font_size_last_edited=&#8221;on|phone&#8221; meta_font_size_tablet=&#8221;15px&#8221; meta_font_size_phone=&#8221;14px&#8221; meta_font_size_last_edited=&#8221;on|phone&#8221; border_width_all=&#8221;0px&#8221; box_shadow_style=&#8221;preset4&#8243; box_shadow_horizontal=&#8221;0px&#8221; box_shadow_vertical=&#8221;20px&#8221; box_shadow_blur=&#8221;60px&#8221; box_shadow_color=&#8221;rgba(6,39,58,0.15)&#8221; locked=&#8221;off&#8221; global_colors_info=&#8221;{}&#8221; theme_builder_area=&#8221;post_content&#8221; show_date=&#8221;off&#8221; show_categories=&#8221;off&#8221; sticky_enabled=&#8221;0&#8243;][\/et_pb_blog][\/et_pb_column][\/et_pb_row][\/et_pb_section]<\/p>\n","protected":false},"excerpt":{"rendered":"<p>BlogTw\u00f3j portal o depilacji!<\/p>\n","protected":false},"author":1,"featured_media":0,"parent":0,"menu_order":0,"comment_status":"closed","ping_status":"closed","template":"","meta":{"_et_pb_use_builder":"on","_et_pb_old_content":"","_et_gb_content_width":"","footnotes":""},"class_list":["post-22","page","type-page","status-publish","hentry"],"yoast_head":"<!-- This site is optimized with the Yoast SEO plugin v21.7 - https:\/\/yoast.com\/wordpress\/plugins\/seo\/ -->\n<title>Strona g\u0142\u00f3wna - depilacja-wroc.pl<\/title>\n<meta name=\"robots\" content=\"index, follow, max-snippet:-1, max-image-preview:large, max-video-preview:-1\" \/>\n<link rel=\"canonical\" href=\"https:\/\/depilacja-wroc.pl\/\" \/>\n<meta property=\"og:locale\" content=\"pl_PL\" \/>\n<meta property=\"og:type\" content=\"article\" \/>\n<meta property=\"og:title\" content=\"Strona g\u0142\u00f3wna - depilacja-wroc.pl\" \/>\n<meta property=\"og:description\" content=\"BlogTw\u00f3j portal o depilacji!\" \/>\n<meta property=\"og:url\" content=\"https:\/\/depilacja-wroc.pl\/\" \/>\n<meta property=\"og:site_name\" content=\"depilacja-wroc.pl\" \/>\n<meta property=\"article:modified_time\" content=\"2023-10-12T18:30:45+00:00\" \/>\n<meta name=\"twitter:card\" content=\"summary_large_image\" \/>\n<meta name=\"twitter:label1\" content=\"Szacowany czas czytania\" \/>\n\t<meta name=\"twitter:data1\" content=\"2 minuty\" \/>\n<script type=\"application\/ld+json\" class=\"yoast-schema-graph\">{\"@context\":\"https:\/\/schema.org\",\"@graph\":[{\"@type\":\"WebPage\",\"@id\":\"https:\/\/depilacja-wroc.pl\/\",\"url\":\"https:\/\/depilacja-wroc.pl\/\",\"name\":\"Strona g\u0142\u00f3wna - depilacja-wroc.pl\",\"isPartOf\":{\"@id\":\"https:\/\/depilacja-wroc.pl\/#website\"},\"datePublished\":\"2023-10-12T18:21:18+00:00\",\"dateModified\":\"2023-10-12T18:30:45+00:00\",\"breadcrumb\":{\"@id\":\"https:\/\/depilacja-wroc.pl\/#breadcrumb\"},\"inLanguage\":\"pl-PL\",\"potentialAction\":[{\"@type\":\"ReadAction\",\"target\":[\"https:\/\/depilacja-wroc.pl\/\"]}]},{\"@type\":\"BreadcrumbList\",\"@id\":\"https:\/\/depilacja-wroc.pl\/#breadcrumb\",\"itemListElement\":[{\"@type\":\"ListItem\",\"position\":1,\"name\":\"Strona g\u0142\u00f3wna\",\"item\":\"https:\/\/depilacja-wroc.pl\/\"},{\"@type\":\"ListItem\",\"position\":2,\"name\":\"Strona g\u0142\u00f3wna\"}]},{\"@type\":\"WebSite\",\"@id\":\"https:\/\/depilacja-wroc.pl\/#website\",\"url\":\"https:\/\/depilacja-wroc.pl\/\",\"name\":\"depilacja-wroc.pl\",\"description\":\"\",\"potentialAction\":[{\"@type\":\"SearchAction\",\"target\":{\"@type\":\"EntryPoint\",\"urlTemplate\":\"https:\/\/depilacja-wroc.pl\/?s={search_term_string}\"},\"query-input\":\"required name=search_term_string\"}],\"inLanguage\":\"pl-PL\"}]}<\/script>\n<!-- \/ Yoast SEO plugin. -->","yoast_head_json":{"title":"Strona g\u0142\u00f3wna - depilacja-wroc.pl","robots":{"index":"index","follow":"follow","max-snippet":"max-snippet:-1","max-image-preview":"max-image-preview:large","max-video-preview":"max-video-preview:-1"},"canonical":"https:\/\/depilacja-wroc.pl\/","og_locale":"pl_PL","og_type":"article","og_title":"Strona g\u0142\u00f3wna - depilacja-wroc.pl","og_description":"BlogTw\u00f3j portal o depilacji!","og_url":"https:\/\/depilacja-wroc.pl\/","og_site_name":"depilacja-wroc.pl","article_modified_time":"2023-10-12T18:30:45+00:00","twitter_card":"summary_large_image","twitter_misc":{"Szacowany czas czytania":"2 minuty"},"schema":{"@context":"https:\/\/schema.org","@graph":[{"@type":"WebPage","@id":"https:\/\/depilacja-wroc.pl\/","url":"https:\/\/depilacja-wroc.pl\/","name":"Strona g\u0142\u00f3wna - depilacja-wroc.pl","isPartOf":{"@id":"https:\/\/depilacja-wroc.pl\/#website"},"datePublished":"2023-10-12T18:21:18+00:00","dateModified":"2023-10-12T18:30:45+00:00","breadcrumb":{"@id":"https:\/\/depilacja-wroc.pl\/#breadcrumb"},"inLanguage":"pl-PL","potentialAction":[{"@type":"ReadAction","target":["https:\/\/depilacja-wroc.pl\/"]}]},{"@type":"BreadcrumbList","@id":"https:\/\/depilacja-wroc.pl\/#breadcrumb","itemListElement":[{"@type":"ListItem","position":1,"name":"Strona g\u0142\u00f3wna","item":"https:\/\/depilacja-wroc.pl\/"},{"@type":"ListItem","position":2,"name":"Strona g\u0142\u00f3wna"}]},{"@type":"WebSite","@id":"https:\/\/depilacja-wroc.pl\/#website","url":"https:\/\/depilacja-wroc.pl\/","name":"depilacja-wroc.pl","description":"","potentialAction":[{"@type":"SearchAction","target":{"@type":"EntryPoint","urlTemplate":"https:\/\/depilacja-wroc.pl\/?s={search_term_string}"},"query-input":"required name=search_term_string"}],"inLanguage":"pl-PL"}]}},"_links":{"self":[{"href":"https:\/\/depilacja-wroc.pl\/index.php\/wp-json\/wp\/v2\/pages\/22","targetHints":{"allow":["GET"]}}],"collection":[{"href":"https:\/\/depilacja-wroc.pl\/index.php\/wp-json\/wp\/v2\/pages"}],"about":[{"href":"https:\/\/depilacja-wroc.pl\/index.php\/wp-json\/wp\/v2\/types\/page"}],"author":[{"embeddable":true,"href":"https:\/\/depilacja-wroc.pl\/index.php\/wp-json\/wp\/v2\/users\/1"}],"replies":[{"embeddable":true,"href":"https:\/\/depilacja-wroc.pl\/index.php\/wp-json\/wp\/v2\/comments?post=22"}],"version-history":[{"count":3,"href":"https:\/\/depilacja-wroc.pl\/index.php\/wp-json\/wp\/v2\/pages\/22\/revisions"}],"predecessor-version":[{"id":45,"href":"https:\/\/depilacja-wroc.pl\/index.php\/wp-json\/wp\/v2\/pages\/22\/revisions\/45"}],"wp:attachment":[{"href":"https:\/\/depilacja-wroc.pl\/index.php\/wp-json\/wp\/v2\/media?parent=22"}],"curies":[{"name":"wp","href":"https:\/\/api.w.org\/{rel}","templated":true}]}}